{"id":19,"date":"2018-07-11T12:33:59","date_gmt":"2018-07-11T10:33:59","guid":{"rendered":"https:\/\/www.outdoor-germany.de\/unternehmensberatung\/?page_id=19"},"modified":"2018-12-11T18:18:28","modified_gmt":"2018-12-11T17:18:28","slug":"impressum","status":"publish","type":"page","link":"https:\/\/www.outdoor-germany.de\/huibras\/impressum\/","title":{"rendered":"Impressum"},"content":{"rendered":"<div class=\"wpb-content-wrapper\"><p>[vc_row][vc_column][vc_column_text]<\/p>\n<p>&nbsp;<\/p>\n<p>&nbsp;<\/p>\n<p>[\/vc_column_text][vc_column_text]<\/p>\n<h1><\/h1>\n<h1><\/h1>\n<h2><\/h2>\n<h2><\/h2>\n<h2><\/h2>\n<h2><\/h2>\n<h2 style=\"text-align: center;\"><span style=\"font-family: arial, helvetica, sans-serif;\">Angaben gem\u00e4\u00df \u00a7 5 TMG<\/span><\/h2>\n<p style=\"text-align: center;\"><span style=\"font-family: arial, helvetica, sans-serif;\">Huib Ras<\/span><\/p>\n<p style=\"text-align: center;\"><span style=\"font-family: arial, helvetica, sans-serif;\">Talgang 2 <\/span><br \/>\n<span style=\"font-family: arial, helvetica, sans-serif;\">34508 Willingen<\/span><\/p>\n<h2 style=\"text-align: center;\"><span style=\"font-family: arial, helvetica, sans-serif;\">Kontakt<\/span><\/h2>\n<p style=\"text-align: center;\"><span style=\"font-family: arial, helvetica, sans-serif;\">Telefon: +49 (0)5632 \u2013 4663<\/span><br \/>\n<span style=\"font-family: arial, helvetica, sans-serif;\">E-Mail: look@huib-ras.de<\/span><\/p>\n<p>&nbsp;<\/p>\n<h2 style=\"text-align: center;\"><span style=\"font-family: arial, helvetica, sans-serif;\">Streitschlichtung<\/span><\/h2>\n<p style=\"text-align: center;\"><span style=\"font-family: arial, helvetica, sans-serif;\">Die Europ\u00e4ische Kommission stellt eine Plattform zur Online-Streitbeilegung (OS) bereit: <a href=\"https:\/\/ec.europa.eu\/consumers\/odr\" target=\"_blank\" rel=\"noopener\">https:\/\/ec.europa.eu\/consumers\/odr<\/a>.<\/span><br \/>\n<span style=\"font-family: arial, helvetica, sans-serif;\">Unsere E-Mail-Adresse finden Sie oben im Impressum.<\/span><\/p>\n<p style=\"text-align: center;\"><span style=\"font-family: arial, helvetica, sans-serif;\">Wir sind nicht bereit oder verpflichtet, an Streitbeilegungsverfahren vor einer Verbraucherschlichtungsstelle teilzunehmen.<\/span><\/p>\n<p>&nbsp;<\/p>\n<h3 style=\"text-align: center;\"><span style=\"font-family: arial, helvetica, sans-serif;\">Haftung f\u00fcr Inhalte<\/span><\/h3>\n<p style=\"text-align: center;\"><span style=\"font-family: arial, helvetica, sans-serif;\">Als Diensteanbieter sind wir gem\u00e4\u00df \u00a7 7 Abs.1 TMG f\u00fcr eigene Inhalte auf diesen Seiten nach den allgemeinen Gesetzen verantwortlich. Nach \u00a7\u00a7 8 bis 10 TMG sind wir als Diensteanbieter jedoch nicht verpflichtet, \u00fcbermittelte oder gespeicherte fremde Informationen zu \u00fcberwachen oder nach Umst\u00e4nden zu forschen, die auf eine rechtswidrige T\u00e4tigkeit hinweisen.<\/span><\/p>\n<p style=\"text-align: center;\"><span style=\"font-family: arial, helvetica, sans-serif;\">Verpflichtungen zur Entfernung oder Sperrung der Nutzung von Informationen nach den allgemeinen Gesetzen bleiben hiervon unber\u00fchrt. Eine diesbez\u00fcgliche Haftung ist jedoch erst ab dem Zeitpunkt der Kenntnis einer konkreten Rechtsverletzung m\u00f6glich. Bei Bekanntwerden von entsprechenden Rechtsverletzungen werden wir diese Inhalte umgehend entfernen.<\/span><\/p>\n<h3 style=\"text-align: center;\"><span style=\"font-family: arial, helvetica, sans-serif;\">Haftung f\u00fcr Links<\/span><\/h3>\n<p style=\"text-align: center;\"><span style=\"font-family: arial, helvetica, sans-serif;\">Unser Angebot enth\u00e4lt Links zu externen Websites Dritter, auf deren Inhalte wir keinen Einfluss haben. Deshalb k\u00f6nnen wir f\u00fcr diese fremden Inhalte auch keine Gew\u00e4hr \u00fcbernehmen. F\u00fcr die Inhalte der verlinkten Seiten ist stets der jeweilige Anbieter oder Betreiber der Seiten verantwortlich. Die verlinkten Seiten wurden zum Zeitpunkt der Verlinkung auf m\u00f6gliche Rechtsverst\u00f6\u00dfe \u00fcberpr\u00fcft. Rechtswidrige Inhalte waren zum Zeitpunkt der Verlinkung nicht erkennbar.<\/span><\/p>\n<p style=\"text-align: center;\"><span style=\"font-family: arial, helvetica, sans-serif;\">Eine permanente inhaltliche Kontrolle der verlinkten Seiten ist jedoch ohne konkrete Anhaltspunkte einer Rechtsverletzung nicht zumutbar. Bei Bekanntwerden von Rechtsverletzungen werden wir derartige Links umgehend entfernen.<\/span><\/p>\n<h3 style=\"text-align: center;\"><span style=\"font-family: arial, helvetica, sans-serif;\">Urheberrecht<\/span><\/h3>\n<p style=\"text-align: center;\"><span style=\"font-family: arial, helvetica, sans-serif;\">Die durch die Seitenbetreiber erstellten Inhalte und Werke auf diesen Seiten unterliegen dem deutschen Urheberrecht. Die Vervielf\u00e4ltigung, Bearbeitung, Verbreitung und jede Art der Verwertung au\u00dferhalb der Grenzen des Urheberrechtes bed\u00fcrfen der schriftlichen Zustimmung des jeweiligen Autors bzw. Erstellers. Downloads und Kopien dieser Seite sind nur f\u00fcr den privaten, nicht kommerziellen Gebrauch gestattet.<\/span><\/p>\n<p style=\"text-align: center;\"><span style=\"font-family: arial, helvetica, sans-serif;\">Soweit die Inhalte auf dieser Seite nicht vom Betreiber erstellt wurden, werden die Urheberrechte Dritter beachtet. Insbesondere werden Inhalte Dritter als solche gekennzeichnet. Sollten Sie trotzdem auf eine Urheberrechtsverletzung aufmerksam werden, bitten wir um einen entsprechenden Hinweis. Bei Bekanntwerden von Rechtsverletzungen werden wir derartige Inhalte umgehend entfernen.<\/span><\/p>\n<p style=\"text-align: center;\"><span style=\"font-family: arial, helvetica, sans-serif;\">\u00a0<\/span><\/p>\n<p>[\/vc_column_text][\/vc_column][\/vc_row][vc_row][vc_column][\/vc_column][\/vc_row][vc_row][vc_column][\/vc_column][\/vc_row]<\/p>\n<\/div>","protected":false},"excerpt":{"rendered":"<p>[vc_row][vc_column][vc_column_text] &nbsp; &nbsp; [\/vc_column_text][vc_column_text] Angaben gem\u00e4\u00df \u00a7 5 TMG Huib Ras Talgang 2 34508 Willingen Kontakt Telefon: +49 (0)5632 \u2013 4663 E-Mail: look@huib-ras.de &nbsp; Streitschlichtung Die Europ\u00e4ische Kommission stellt eine Plattform zur Online-Streitbeilegung (OS) bereit: https:\/\/ec.europa.eu\/consumers\/odr. Unsere E-Mail-Adresse finden Sie oben im Impressum. Wir sind nicht bereit oder verpflichtet, an Streitbeilegungsverfahren vor einer Verbraucherschlichtungsstelle teilzunehmen. [&hellip;]<\/p>\n","protected":false},"author":1,"featured_media":0,"parent":0,"menu_order":0,"comment_status":"closed","ping_status":"closed","template":"","meta":{"_exactmetrics_skip_tracking":false,"_exactmetrics_sitenote_active":false,"_exactmetrics_sitenote_note":"","_exactmetrics_sitenote_category":0,"footnotes":"","_links_to":"","_links_to_target":""},"yoast_head":"<!-- This site is optimized with the Yoast SEO plugin v22.4 - https:\/\/yoast.com\/wordpress\/plugins\/seo\/ -->\n<title>Impressum - Huib Ras<\/title>\n<meta name=\"description\" content=\"Impressum. zukunftorientierte Personalberatung, Personalf\u00fchrung und Potenzialanalyse sind wertvolle Instrumente um Ihr Unternehmen zukunftsf\u00e4hif zu machen.\" \/>\n<meta name=\"robots\" content=\"index, follow, max-snippet:-1, max-image-preview:large, max-video-preview:-1\" \/>\n<link rel=\"canonical\" href=\"https:\/\/www.outdoor-germany.de\/huibras\/impressum\/\" \/>\n<meta property=\"og:locale\" content=\"de_DE\" \/>\n<meta property=\"og:type\" content=\"article\" \/>\n<meta property=\"og:title\" content=\"Impressum - Huib Ras\" \/>\n<meta property=\"og:description\" content=\"Impressum. zukunftorientierte Personalberatung, Personalf\u00fchrung und Potenzialanalyse sind wertvolle Instrumente um Ihr Unternehmen zukunftsf\u00e4hif zu machen.\" \/>\n<meta property=\"og:url\" content=\"https:\/\/www.outdoor-germany.de\/huibras\/impressum\/\" \/>\n<meta property=\"og:site_name\" content=\"Huib Ras\" \/>\n<meta property=\"article:modified_time\" content=\"2018-12-11T17:18:28+00:00\" \/>\n<meta name=\"twitter:card\" content=\"summary_large_image\" \/>\n<meta name=\"twitter:label1\" content=\"Gesch\u00e4tzte Lesezeit\" \/>\n\t<meta name=\"twitter:data1\" content=\"2 Minuten\" \/>\n<script type=\"application\/ld+json\" class=\"yoast-schema-graph\">{\"@context\":\"https:\/\/schema.org\",\"@graph\":[{\"@type\":\"WebPage\",\"@id\":\"https:\/\/www.outdoor-germany.de\/huibras\/impressum\/\",\"url\":\"https:\/\/www.outdoor-germany.de\/huibras\/impressum\/\",\"name\":\"Impressum - Huib Ras\",\"isPartOf\":{\"@id\":\"https:\/\/www.outdoor-germany.de\/huibras\/#website\"},\"datePublished\":\"2018-07-11T10:33:59+00:00\",\"dateModified\":\"2018-12-11T17:18:28+00:00\",\"description\":\"Impressum. zukunftorientierte Personalberatung, Personalf\u00fchrung und Potenzialanalyse sind wertvolle Instrumente um Ihr Unternehmen zukunftsf\u00e4hif zu machen.\",\"breadcrumb\":{\"@id\":\"https:\/\/www.outdoor-germany.de\/huibras\/impressum\/#breadcrumb\"},\"inLanguage\":\"de-DE\",\"potentialAction\":[{\"@type\":\"ReadAction\",\"target\":[\"https:\/\/www.outdoor-germany.de\/huibras\/impressum\/\"]}]},{\"@type\":\"BreadcrumbList\",\"@id\":\"https:\/\/www.outdoor-germany.de\/huibras\/impressum\/#breadcrumb\",\"itemListElement\":[{\"@type\":\"ListItem\",\"position\":1,\"name\":\"Startseite\",\"item\":\"https:\/\/www.outdoor-germany.de\/huibras\/\"},{\"@type\":\"ListItem\",\"position\":2,\"name\":\"Impressum\"}]},{\"@type\":\"WebSite\",\"@id\":\"https:\/\/www.outdoor-germany.de\/huibras\/#website\",\"url\":\"https:\/\/www.outdoor-germany.de\/huibras\/\",\"name\":\"Huib Ras\",\"description\":\"\",\"potentialAction\":[{\"@type\":\"SearchAction\",\"target\":{\"@type\":\"EntryPoint\",\"urlTemplate\":\"https:\/\/www.outdoor-germany.de\/huibras\/?s={search_term_string}\"},\"query-input\":\"required name=search_term_string\"}],\"inLanguage\":\"de-DE\"}]}<\/script>\n<!-- \/ Yoast SEO plugin. -->","yoast_head_json":{"title":"Impressum - Huib Ras","description":"Impressum. zukunftorientierte Personalberatung, Personalf\u00fchrung und Potenzialanalyse sind wertvolle Instrumente um Ihr Unternehmen zukunftsf\u00e4hif zu machen.","robots":{"index":"index","follow":"follow","max-snippet":"max-snippet:-1","max-image-preview":"max-image-preview:large","max-video-preview":"max-video-preview:-1"},"canonical":"https:\/\/www.outdoor-germany.de\/huibras\/impressum\/","og_locale":"de_DE","og_type":"article","og_title":"Impressum - Huib Ras","og_description":"Impressum. zukunftorientierte Personalberatung, Personalf\u00fchrung und Potenzialanalyse sind wertvolle Instrumente um Ihr Unternehmen zukunftsf\u00e4hif zu machen.","og_url":"https:\/\/www.outdoor-germany.de\/huibras\/impressum\/","og_site_name":"Huib Ras","article_modified_time":"2018-12-11T17:18:28+00:00","twitter_card":"summary_large_image","twitter_misc":{"Gesch\u00e4tzte Lesezeit":"2 Minuten"},"schema":{"@context":"https:\/\/schema.org","@graph":[{"@type":"WebPage","@id":"https:\/\/www.outdoor-germany.de\/huibras\/impressum\/","url":"https:\/\/www.outdoor-germany.de\/huibras\/impressum\/","name":"Impressum - Huib Ras","isPartOf":{"@id":"https:\/\/www.outdoor-germany.de\/huibras\/#website"},"datePublished":"2018-07-11T10:33:59+00:00","dateModified":"2018-12-11T17:18:28+00:00","description":"Impressum. zukunftorientierte Personalberatung, Personalf\u00fchrung und Potenzialanalyse sind wertvolle Instrumente um Ihr Unternehmen zukunftsf\u00e4hif zu machen.","breadcrumb":{"@id":"https:\/\/www.outdoor-germany.de\/huibras\/impressum\/#breadcrumb"},"inLanguage":"de-DE","potentialAction":[{"@type":"ReadAction","target":["https:\/\/www.outdoor-germany.de\/huibras\/impressum\/"]}]},{"@type":"BreadcrumbList","@id":"https:\/\/www.outdoor-germany.de\/huibras\/impressum\/#breadcrumb","itemListElement":[{"@type":"ListItem","position":1,"name":"Startseite","item":"https:\/\/www.outdoor-germany.de\/huibras\/"},{"@type":"ListItem","position":2,"name":"Impressum"}]},{"@type":"WebSite","@id":"https:\/\/www.outdoor-germany.de\/huibras\/#website","url":"https:\/\/www.outdoor-germany.de\/huibras\/","name":"Huib Ras","description":"","potentialAction":[{"@type":"SearchAction","target":{"@type":"EntryPoint","urlTemplate":"https:\/\/www.outdoor-germany.de\/huibras\/?s={search_term_string}"},"query-input":"required name=search_term_string"}],"inLanguage":"de-DE"}]}},"_links":{"self":[{"href":"https:\/\/www.outdoor-germany.de\/huibras\/wp-json\/wp\/v2\/pages\/19"}],"collection":[{"href":"https:\/\/www.outdoor-germany.de\/huibras\/wp-json\/wp\/v2\/pages"}],"about":[{"href":"https:\/\/www.outdoor-germany.de\/huibras\/wp-json\/wp\/v2\/types\/page"}],"author":[{"embeddable":true,"href":"https:\/\/www.outdoor-germany.de\/huibras\/wp-json\/wp\/v2\/users\/1"}],"replies":[{"embeddable":true,"href":"https:\/\/www.outdoor-germany.de\/huibras\/wp-json\/wp\/v2\/comments?post=19"}],"version-history":[{"count":15,"href":"https:\/\/www.outdoor-germany.de\/huibras\/wp-json\/wp\/v2\/pages\/19\/revisions"}],"predecessor-version":[{"id":149,"href":"https:\/\/www.outdoor-germany.de\/huibras\/wp-json\/wp\/v2\/pages\/19\/revisions\/149"}],"wp:attachment":[{"href":"https:\/\/www.outdoor-germany.de\/huibras\/wp-json\/wp\/v2\/media?parent=19"}],"curies":[{"name":"wp","href":"https:\/\/api.w.org\/{rel}","templated":true}]}}